{"id":2630,"date":"2021-01-04T11:35:55","date_gmt":"2021-01-04T11:35:55","guid":{"rendered":"https:\/\/emaurri.qodeinteractive.com\/?page_id=2630"},"modified":"2026-04-14T13:51:18","modified_gmt":"2026-04-14T13:51:18","slug":"contacts","status":"publish","type":"page","link":"https:\/\/filstone.com\/en\/contacts\/","title":{"rendered":"Contacts"},"content":{"rendered":"<div data-elementor-type=\"wp-page\" data-elementor-id=\"2630\" class=\"elementor elementor-2630\" data-elementor-post-type=\"page\">\n\t\t\t\t<div class=\"elementor-element elementor-element-60c42d2 e-con-full e-flex qodef-elementor-content-no e-con e-parent\" data-id=\"60c42d2\" data-element_type=\"container\">\n\t\t\t\t<div class=\"elementor-element elementor-element-be01a8a elementor-widget elementor-widget-heading\" data-id=\"be01a8a\" data-element_type=\"widget\" data-widget_type=\"heading.default\">\n\t\t\t\t<div class=\"elementor-widget-container\">\n\t\t\t\t\t<p class=\"elementor-heading-title elementor-size-default\">Talk to us. We\u2019re here to help with your project.<\/p>\t\t\t\t<\/div>\n\t\t\t\t<\/div>\n\t\t\t\t<div class=\"elementor-element elementor-element-04cc882 elementor-widget__width-initial elementor-widget elementor-widget-text-editor\" data-id=\"04cc882\" data-element_type=\"widget\" data-widget_type=\"text-editor.default\">\n\t\t\t\t<div class=\"elementor-widget-container\">\n\t\t\t\t\t\t\t\t\t<p>Whether you need a quotation, to clarify technical points or to request tailored support, our team is available. Fill in the form or use the direct contacts below.<\/p>\t\t\t\t\t\t\t\t<\/div>\n\t\t\t\t<\/div>\n\t\t\t\t<\/div>\n\t\t<div class=\"elementor-element elementor-element-b990971 e-con-full e-flex qodef-elementor-content-no e-con e-parent\" data-id=\"b990971\" data-element_type=\"container\">\n\t\t<div class=\"elementor-element elementor-element-715efbc e-con-full e-flex qodef-elementor-content-no e-con e-child\" data-id=\"715efbc\" data-element_type=\"container\" data-settings=\"{&quot;background_background&quot;:&quot;classic&quot;}\">\n\t\t\t\t<\/div>\n\t\t<div class=\"elementor-element elementor-element-a926768 e-con-full e-flex qodef-elementor-content-no e-con e-child\" data-id=\"a926768\" data-element_type=\"container\">\n\t\t<div class=\"elementor-element elementor-element-1b70e9c e-con-full e-flex qodef-elementor-content-no e-con e-child\" data-id=\"1b70e9c\" data-element_type=\"container\">\n\t\t\t\t<div class=\"elementor-element elementor-element-a7c36c8 elementor-widget-mobile__width-inherit elementor-widget elementor-widget-emaurri_core_section_title\" data-id=\"a7c36c8\" data-element_type=\"widget\" data-widget_type=\"emaurri_core_section_title.default\">\n\t\t\t\t<div class=\"elementor-widget-container\">\n\t\t\t\t\t<div class=\"qodef-shortcode qodef-m qodef-section-title qodef-alignment--left\">\n\t\t\t\t<p class=\"qodef-m-text\" style=\"font-size: 40px\">Filstone (Head Office)<\/p>\n<\/div>\n\t\t\t\t<\/div>\n\t\t\t\t<\/div>\n\t\t<div class=\"elementor-element elementor-element-c2d139b e-con-full e-flex qodef-elementor-content-no e-con e-child\" data-id=\"c2d139b\" data-element_type=\"container\">\n\t\t\t\t<div class=\"elementor-element elementor-element-cf70336 elementor-widget elementor-widget-text-editor\" data-id=\"cf70336\" data-element_type=\"widget\" data-widget_type=\"text-editor.default\">\n\t\t\t\t<div class=\"elementor-widget-container\">\n\t\t\t\t\t\t\t\t\t<h6><i class=\"fas fa-phone-alt\"><\/i> Phone<\/h6>\t\t\t\t\t\t\t\t<\/div>\n\t\t\t\t<\/div>\n\t\t\t\t<div class=\"elementor-element elementor-element-de50eba elementor-widget elementor-widget-text-editor\" data-id=\"de50eba\" data-element_type=\"widget\" data-widget_type=\"text-editor.default\">\n\t\t\t\t<div class=\"elementor-widget-container\">\n\t\t\t\t\t\t\t\t\t<a href=\"tel:00351249538888\">+(351) 249 538 888<\/a>\t\t\t\t\t\t\t\t<\/div>\n\t\t\t\t<\/div>\n\t\t\t\t<\/div>\n\t\t<div class=\"elementor-element elementor-element-cc19c24 e-con-full e-flex qodef-elementor-content-no e-con e-child\" data-id=\"cc19c24\" data-element_type=\"container\">\n\t\t\t\t<div class=\"elementor-element elementor-element-5df9c06 elementor-widget elementor-widget-text-editor\" data-id=\"5df9c06\" data-element_type=\"widget\" data-widget_type=\"text-editor.default\">\n\t\t\t\t<div class=\"elementor-widget-container\">\n\t\t\t\t\t\t\t\t\t<h6><i class=\"fas fa-envelope\"><\/i>   E-mail:<\/h6>\t\t\t\t\t\t\t\t<\/div>\n\t\t\t\t<\/div>\n\t\t\t\t<div class=\"elementor-element elementor-element-715937c elementor-widget elementor-widget-text-editor\" data-id=\"715937c\" data-element_type=\"widget\" data-widget_type=\"text-editor.default\">\n\t\t\t\t<div class=\"elementor-widget-container\">\n\t\t\t\t\t\t\t\t\t<p><a href=\"mailto:geral@filstone.com\">geral@filstone.com<\/a><\/p>\t\t\t\t\t\t\t\t<\/div>\n\t\t\t\t<\/div>\n\t\t\t\t<\/div>\n\t\t<div class=\"elementor-element elementor-element-275c120 e-con-full e-flex qodef-elementor-content-no e-con e-child\" data-id=\"275c120\" data-element_type=\"container\">\n\t\t\t\t<div class=\"elementor-element elementor-element-44a1b13 elementor-widget elementor-widget-text-editor\" data-id=\"44a1b13\" data-element_type=\"widget\" data-widget_type=\"text-editor.default\">\n\t\t\t\t<div class=\"elementor-widget-container\">\n\t\t\t\t\t\t\t\t\t<h6><i class=\"fas fa-map-marker-alt\"><\/i> Address<\/h6>\t\t\t\t\t\t\t\t<\/div>\n\t\t\t\t<\/div>\n\t\t\t\t<div class=\"elementor-element elementor-element-36e5f50 elementor-widget elementor-widget-text-editor\" data-id=\"36e5f50\" data-element_type=\"widget\" data-widget_type=\"text-editor.default\">\n\t\t\t\t<div class=\"elementor-widget-container\">\n\t\t\t\t\t\t\t\t\t<p><a href=\"https:\/\/maps.app.goo.gl\/cH9iLhQcpJifCKCY8\" target=\"_blank\" rel=\"noopener\">Estrada Pedra Alva 499,<br \/>2495-352 F\u00e1tima<br \/>Portugal<\/a><\/p>\t\t\t\t\t\t\t\t<\/div>\n\t\t\t\t<\/div>\n\t\t\t\t<\/div>\n\t\t<div class=\"elementor-element elementor-element-4cb5e0d e-con-full e-flex qodef-elementor-content-no e-con e-child\" data-id=\"4cb5e0d\" data-element_type=\"container\">\n\t\t\t\t<div class=\"elementor-element elementor-element-89cf6d2 elementor-widget elementor-widget-text-editor\" data-id=\"89cf6d2\" data-element_type=\"widget\" data-widget_type=\"text-editor.default\">\n\t\t\t\t<div class=\"elementor-widget-container\">\n\t\t\t\t\t\t\t\t\t<h6><i class=\"fas fa-share-alt\"><\/i> Follow us:<\/h6>\t\t\t\t\t\t\t\t<\/div>\n\t\t\t\t<\/div>\n\t\t\t\t<div class=\"elementor-element elementor-element-6f141d5 elementor-widget elementor-widget-wp-widget-emaurri_core_social_text\" data-id=\"6f141d5\" data-element_type=\"widget\" data-widget_type=\"wp-widget-emaurri_core_social_text.default\">\n\t\t\t\t<div class=\"elementor-widget-container\">\n\t\t\t\t\t<div  class=\"qodef-social-text\"><a href=\"https:\/\/www.instagram.com\/filstone_portugal\/\" target=\"_blank\" class=\"qodef-social-text-link\" rel=\"noopener\">ig.<\/a><a href=\"https:\/\/www.facebook.com\/filstone.natural\/\" target=\"_blank\" class=\"qodef-social-text-link\" rel=\"noopener\">fb.<\/a><a href=\"https:\/\/www.linkedin.com\/in\/filstone-natural\" target=\"_blank\" class=\"qodef-social-text-link\" rel=\"noopener\">IN.<\/a><\/div>\t\t\t\t<\/div>\n\t\t\t\t<\/div>\n\t\t\t\t<\/div>\n\t\t\t\t<\/div>\n\t\t\t\t<\/div>\n\t\t\t\t<\/div>\n\t\t<div class=\"elementor-element elementor-element-6618e99 e-con-full e-flex qodef-elementor-content-no e-con e-parent\" data-id=\"6618e99\" data-element_type=\"container\" data-settings=\"{&quot;background_background&quot;:&quot;classic&quot;}\">\n\t\t\t\t<div class=\"elementor-element elementor-element-da59fd4 elementor-widget__width-initial elementor-widget elementor-widget-google_maps\" data-id=\"da59fd4\" data-element_type=\"widget\" data-widget_type=\"google_maps.default\">\n\t\t\t\t<div class=\"elementor-widget-container\">\n\t\t\t\t\t\t\t<div class=\"elementor-custom-embed\">\n\t\t\t<iframe loading=\"lazy\"\n\t\t\t\t\tsrc=\"https:\/\/maps.google.com\/maps?q=Estr.%20Pedra%20Alva%20499%2C%202495-352%20F%C3%A1tima&#038;t=m&#038;z=9&#038;output=embed&#038;iwloc=near\"\n\t\t\t\t\ttitle=\"Estr. Pedra Alva 499, 2495-352 F\u00e1tima\"\n\t\t\t\t\taria-label=\"Estr. Pedra Alva 499, 2495-352 F\u00e1tima\"\n\t\t\t><\/iframe>\n\t\t<\/div>\n\t\t\t\t\t\t<\/div>\n\t\t\t\t<\/div>\n\t\t\t\t<\/div>\n\t\t<div class=\"elementor-element elementor-element-2c2dde6 e-con-full e-flex qodef-elementor-content-no e-con e-parent\" data-id=\"2c2dde6\" data-element_type=\"container\" id=\"formulario-contacto\">\n\t\t\t\t<div class=\"elementor-element elementor-element-9377ba2 elementor-widget elementor-widget-menu-anchor\" data-id=\"9377ba2\" data-element_type=\"widget\" data-widget_type=\"menu-anchor.default\">\n\t\t\t\t<div class=\"elementor-widget-container\">\n\t\t\t\t\t\t\t<div class=\"elementor-menu-anchor\" id=\"infocontactos\"><\/div>\n\t\t\t\t\t\t<\/div>\n\t\t\t\t<\/div>\n\t\t\t\t<div class=\"elementor-element elementor-element-7c1380b elementor-widget__width-initial elementor-widget-tablet__width-inherit elementor-widget elementor-widget-emaurri_core_section_title\" data-id=\"7c1380b\" data-element_type=\"widget\" data-widget_type=\"emaurri_core_section_title.default\">\n\t\t\t\t<div class=\"elementor-widget-container\">\n\t\t\t\t\t<div class=\"qodef-shortcode qodef-m qodef-section-title qodef-alignment--center\">\n\t\t\t<h3 class=\"qodef-m-title\" >\n\t\t\t\t\tRequest more information\t\t\t<\/h3>\n\t\t<p class=\"qodef-m-text\" style=\"font-size: 20px\">Complete the form to request a quote, obtain further details or schedule a quarry visit.<\/p>\n<\/div>\n\t\t\t\t<\/div>\n\t\t\t\t<\/div>\n\t\t\t\t<div class=\"elementor-element elementor-element-b44e47b elementor-widget__width-initial elementor-widget elementor-widget-wp-widget-emaurri_core_contact_form_7\" data-id=\"b44e47b\" data-element_type=\"widget\" data-widget_type=\"wp-widget-emaurri_core_contact_form_7.default\">\n\t\t\t\t<div class=\"elementor-widget-container\">\n\t\t\t\t\t\t\t\t<div class=\"qodef-contact-form-7\">\n\t\t\t\t\n<div class=\"wpcf7 no-js\" id=\"wpcf7-f8110-o1\" lang=\"en-US\" dir=\"ltr\" data-wpcf7-id=\"8110\">\n<div class=\"screen-reader-response\"><p role=\"status\" aria-live=\"polite\" aria-atomic=\"true\"><\/p> <ul><\/ul><\/div>\n<form action=\"\/en\/wp-json\/wp\/v2\/pages\/2630#wpcf7-f8110-o1\" method=\"post\" class=\"wpcf7-form init\" aria-label=\"Contact form\" novalidate=\"novalidate\" data-status=\"init\" data-trp-original-action=\"\/en\/wp-json\/wp\/v2\/pages\/2630#wpcf7-f8110-o1\">\n<fieldset class=\"hidden-fields-container\"><input type=\"hidden\" name=\"_wpcf7\" value=\"8110\" \/><input type=\"hidden\" name=\"_wpcf7_version\" value=\"6.1.4\" \/><input type=\"hidden\" name=\"_wpcf7_locale\" value=\"en_US\" \/><input type=\"hidden\" name=\"_wpcf7_unit_tag\" value=\"wpcf7-f8110-o1\" \/><input type=\"hidden\" name=\"_wpcf7_container_post\" value=\"0\" \/><input type=\"hidden\" name=\"_wpcf7_posted_data_hash\" value=\"\" \/>\n<\/fieldset>\n<div class=\"wpcf7-turnstile cf-turnstile\" data-sitekey=\"0x4AAAAAAB2eGuTKw0GhLTmG\" data-response-field-name=\"_wpcf7_turnstile_response\"><\/div>\n\n<label> Your name\n    <span class=\"wpcf7-form-control-wrap\" data-name=\"your-name\"><input size=\"40\" maxlength=\"400\" class=\"wpcf7-form-control wpcf7-text wpcf7-validates-as-required\" autocomplete=\"name\" aria-required=\"true\" aria-invalid=\"false\" value=\"\" type=\"text\" name=\"your-name\" \/><\/span> <\/label>\n\n<label> Your email\n    <span class=\"wpcf7-form-control-wrap\" data-name=\"your-email\"><input size=\"40\" maxlength=\"400\" class=\"wpcf7-form-control wpcf7-email wpcf7-validates-as-required wpcf7-text wpcf7-validates-as-email\" autocomplete=\"email\" aria-required=\"true\" aria-invalid=\"false\" value=\"\" type=\"email\" name=\"your-email\" \/><\/span> <\/label>\n\n<label class=\"campo-assunto\">Subject\n  <span class=\"wpcf7-form-control-wrap\" data-name=\"assunto\"><select class=\"wpcf7-form-control wpcf7-select\" aria-invalid=\"false\" name=\"assunto\"><option value=\"Pedir or\u00e7amento\">Pedir or\u00e7amento<\/option><option value=\"Informa\u00e7\u00f5es gerais\">Informa\u00e7\u00f5es gerais<\/option><option value=\"Visitar pedreiras\">Visitar pedreiras<\/option><option value=\"Outro\">Other<\/option><\/select><\/span>\n<\/label>\n\n\n<label> Message\n    <span class=\"wpcf7-form-control-wrap\" data-name=\"your-message\"><textarea cols=\"40\" rows=\"10\" maxlength=\"2000\" class=\"wpcf7-form-control wpcf7-textarea\" aria-invalid=\"false\" name=\"your-message\"><\/textarea><\/span> <\/label>\n\n<span class=\"wpcf7-form-control-wrap\" data-name=\"acceptance-218\"><span class=\"wpcf7-form-control wpcf7-acceptance\"><span class=\"wpcf7-list-item\"><label><input type=\"checkbox\" name=\"acceptance-218\" value=\"1\" aria-invalid=\"false\" \/><span class=\"wpcf7-list-item-label\">I confirm that I have read and accept the <strong><a href=\"https:\/\/filstone.com\/en\/privacy-policy\/\" target=\"_blank\">Privacy Policy<\/strong><\/a><\/span><\/label><\/span><\/span><\/span>\n<br><br>\n\n<button class=\"wpcf7-form-control wpcf7-submit qodef-button qodef-size--normal qodef-layout--outlined qodef-m\" type=\"submit\"><span class=\"qodef-m-text\">Submit<\/span>\n            <span class=\"qodef-m-corner qodef--top-left\"><\/span>\n            <span class=\"qodef-m-corner qodef--top-right\"><\/span>\n            <span class=\"qodef-m-corner qodef--bottom-left\"><\/span>\n            <span class=\"qodef-m-corner qodef--bottom-right\"><\/span>\n\t\t\t<span class=\"qodef-m-btn-line qodef-btn-line--top\"><\/span>\n\t\t\t<span class=\"qodef-m-btn-line qodef-btn-line--right\"><\/span>\n\t\t\t<span class=\"qodef-m-btn-line qodef-btn-line--bottom\"><\/span>\n\t\t\t<span class=\"qodef-m-btn-line qodef-btn-line--left\"><\/span><\/button><div class=\"wpcf7-response-output\" aria-hidden=\"true\"><\/div>\n<input type=\"hidden\" name=\"trp-form-language\" value=\"en\"\/><\/form>\n<\/div>\n\t\t\t<\/div>\n\t\t\t\t\t\t\t<\/div>\n\t\t\t\t<\/div>\n\t\t\t\t<\/div>\n\t\t\t\t<\/div>","protected":false},"excerpt":{"rendered":"<p>Fale connosco. Estamos aqui para ajudar o seu projeto. Seja para solicitar um or\u00e7amento, esclarecer d\u00favidas t\u00e9cnicas ou obter apoio personalizado, a nossa equipa est\u00e1 ao seu dispor. Preencha o formul\u00e1rio ou utilize os contactos directos dispon\u00edveis abaixo. Filstone (Sede) Telefone: +(351) 249 538 888 E-mail: geral@filstone.com Morada: Estrada Pedra Alva 499, 2495-352 F\u00e1tima Portugal [&hellip;]<\/p>","protected":false},"author":1,"featured_media":13502,"parent":0,"menu_order":0,"comment_status":"closed","ping_status":"closed","template":"","meta":{"_acf_changed":false,"footnotes":""},"class_list":["post-2630","page","type-page","status-publish","has-post-thumbnail","hentry"],"acf":[],"_links":{"self":[{"href":"https:\/\/filstone.com\/en\/wp-json\/wp\/v2\/pages\/2630","targetHints":{"allow":["GET"]}}],"collection":[{"href":"https:\/\/filstone.com\/en\/wp-json\/wp\/v2\/pages"}],"about":[{"href":"https:\/\/filstone.com\/en\/wp-json\/wp\/v2\/types\/page"}],"author":[{"embeddable":true,"href":"https:\/\/filstone.com\/en\/wp-json\/wp\/v2\/users\/1"}],"replies":[{"embeddable":true,"href":"https:\/\/filstone.com\/en\/wp-json\/wp\/v2\/comments?post=2630"}],"version-history":[{"count":334,"href":"https:\/\/filstone.com\/en\/wp-json\/wp\/v2\/pages\/2630\/revisions"}],"predecessor-version":[{"id":17726,"href":"https:\/\/filstone.com\/en\/wp-json\/wp\/v2\/pages\/2630\/revisions\/17726"}],"wp:featuredmedia":[{"embeddable":true,"href":"https:\/\/filstone.com\/en\/wp-json\/wp\/v2\/media\/13502"}],"wp:attachment":[{"href":"https:\/\/filstone.com\/en\/wp-json\/wp\/v2\/media?parent=2630"}],"curies":[{"name":"wp","href":"https:\/\/api.w.org\/{rel}","templated":true}]}}