{"id":11113,"date":"2025-08-12T15:28:34","date_gmt":"2025-08-12T15:28:34","guid":{"rendered":"https:\/\/beta.filstone.com\/?page_id=11113"},"modified":"2026-05-05T08:15:14","modified_gmt":"2026-05-05T08:15:14","slug":"filstone","status":"publish","type":"page","link":"https:\/\/filstone.com\/en\/filstone\/","title":{"rendered":"The Filstone"},"content":{"rendered":"<div data-elementor-type=\"wp-page\" data-elementor-id=\"11113\" class=\"elementor elementor-11113\" data-elementor-post-type=\"page\">\n\t\t\t\t<div class=\"elementor-element elementor-element-31dd7dff e-con-full e-flex qodef-elementor-content-no e-con e-parent\" data-id=\"31dd7dff\" data-element_type=\"container\">\n\t\t\t\t<div class=\"elementor-element elementor-element-4bdee20c elementor-widget__width-initial elementor-widget elementor-widget-heading\" data-id=\"4bdee20c\" data-element_type=\"widget\" data-widget_type=\"heading.default\">\n\t\t\t\t<div class=\"elementor-widget-container\">\n\t\t\t\t\t<p class=\"elementor-heading-title elementor-size-default\">Natural stone for construction and architecture<\/p>\t\t\t\t<\/div>\n\t\t\t\t<\/div>\n\t\t\t\t<div class=\"elementor-element elementor-element-58b23e05 elementor-widget__width-initial elementor-widget elementor-widget-text-editor\" data-id=\"58b23e05\" data-element_type=\"widget\" data-widget_type=\"text-editor.default\">\n\t\t\t\t<div class=\"elementor-widget-container\">\n\t\t\t\t\t\t\t\t\t<p>Extraction and supply of natural stone with industrial capacity, reliable lead times and full traceability \u2014 from block to site.<\/p>\t\t\t\t\t\t\t\t<\/div>\n\t\t\t\t<\/div>\n\t\t\t\t<\/div>\n\t\t<div class=\"elementor-element elementor-element-71657309 e-con-full e-flex qodef-elementor-content-no e-con e-parent\" data-id=\"71657309\" data-element_type=\"container\">\n\t\t<div class=\"elementor-element elementor-element-6ce150eb e-con-full e-flex qodef-elementor-content-no e-con e-child\" data-id=\"6ce150eb\" data-element_type=\"container\" data-settings=\"{&quot;background_background&quot;:&quot;classic&quot;}\">\n\t\t\t\t<div class=\"elementor-element elementor-element-356f8dc6 elementor-widget elementor-widget-image\" data-id=\"356f8dc6\" data-element_type=\"widget\" data-widget_type=\"image.default\">\n\t\t\t\t<div class=\"elementor-widget-container\">\n\t\t\t\t\t\t\t\t\t\t\t\t\t\t\t\t<a href=\"\/en\/filstone\/about-us\/\">\n\t\t\t\t\t\t\t<img fetchpriority=\"high\" decoding=\"async\" width=\"650\" height=\"650\" src=\"https:\/\/filstone.com\/wp-content\/uploads\/2025\/09\/DJI_0173-scaled-1-650x650.jpg\" class=\"attachment-emaurri_core_image_size_square size-emaurri_core_image_size_square wp-image-14628\" alt=\"\" srcset=\"https:\/\/filstone.com\/wp-content\/uploads\/2025\/09\/DJI_0173-scaled-1-650x650.jpg 650w, https:\/\/filstone.com\/wp-content\/uploads\/2025\/09\/DJI_0173-scaled-1-150x150.jpg 150w, https:\/\/filstone.com\/wp-content\/uploads\/2025\/09\/DJI_0173-scaled-1-1300x1300.jpg 1300w\" sizes=\"(max-width: 650px) 100vw, 650px\" \/>\t\t\t\t\t\t\t\t<\/a>\n\t\t\t\t\t\t\t\t\t\t\t\t\t\t\t<\/div>\n\t\t\t\t<\/div>\n\t\t\t\t<div class=\"elementor-element elementor-element-2aff0eb4 elementor-widget elementor-widget-text-editor\" data-id=\"2aff0eb4\" data-element_type=\"widget\" data-widget_type=\"text-editor.default\">\n\t\t\t\t<div class=\"elementor-widget-container\">\n\t\t\t\t\t\t\t\t\t<p>The Filstone<\/p>\t\t\t\t\t\t\t\t<\/div>\n\t\t\t\t<\/div>\n\t\t\t\t<div class=\"elementor-element elementor-element-8cd3163 elementor-widget elementor-widget-heading\" data-id=\"8cd3163\" data-element_type=\"widget\" data-widget_type=\"heading.default\">\n\t\t\t\t<div class=\"elementor-widget-container\">\n\t\t\t\t\t<p class=\"elementor-heading-title elementor-size-default\">About Us<\/p>\t\t\t\t<\/div>\n\t\t\t\t<\/div>\n\t\t\t\t<div class=\"elementor-element elementor-element-2632d30 elementor-widget elementor-widget-text-editor\" data-id=\"2632d30\" data-element_type=\"widget\" data-widget_type=\"text-editor.default\">\n\t\t\t\t<div class=\"elementor-widget-container\">\n\t\t\t\t\t\t\t\t\t<p>Industrial history and a vision oriented to B2B projects.<\/p>\t\t\t\t\t\t\t\t<\/div>\n\t\t\t\t<\/div>\n\t\t\t\t<\/div>\n\t\t<div class=\"elementor-element elementor-element-6dbff900 e-con-full e-flex qodef-elementor-content-no e-con e-child\" data-id=\"6dbff900\" data-element_type=\"container\" data-settings=\"{&quot;background_background&quot;:&quot;classic&quot;}\">\n\t\t\t\t<div class=\"elementor-element elementor-element-2c210629 elementor-widget elementor-widget-image\" data-id=\"2c210629\" data-element_type=\"widget\" data-widget_type=\"image.default\">\n\t\t\t\t<div class=\"elementor-widget-container\">\n\t\t\t\t\t\t\t\t\t\t\t\t\t\t\t\t<a href=\"\/en\/filstone\/quarries\/\">\n\t\t\t\t\t\t\t<img decoding=\"async\" width=\"650\" height=\"470\" src=\"https:\/\/filstone.com\/wp-content\/uploads\/2025\/09\/sobre-nos-filstone-650x470.jpg\" class=\"attachment-emaurri_core_image_size_square size-emaurri_core_image_size_square wp-image-14629\" alt=\"\" \/>\t\t\t\t\t\t\t\t<\/a>\n\t\t\t\t\t\t\t\t\t\t\t\t\t\t\t<\/div>\n\t\t\t\t<\/div>\n\t\t\t\t<div class=\"elementor-element elementor-element-30443da7 elementor-widget elementor-widget-text-editor\" data-id=\"30443da7\" data-element_type=\"widget\" data-widget_type=\"text-editor.default\">\n\t\t\t\t<div class=\"elementor-widget-container\">\n\t\t\t\t\t\t\t\t\t<p>Origin<\/p>\t\t\t\t\t\t\t\t<\/div>\n\t\t\t\t<\/div>\n\t\t\t\t<div class=\"elementor-element elementor-element-4674fc1f elementor-widget elementor-widget-heading\" data-id=\"4674fc1f\" data-element_type=\"widget\" data-widget_type=\"heading.default\">\n\t\t\t\t<div class=\"elementor-widget-container\">\n\t\t\t\t\t<p class=\"elementor-heading-title elementor-size-default\">Quarries<\/p>\t\t\t\t<\/div>\n\t\t\t\t<\/div>\n\t\t\t\t<div class=\"elementor-element elementor-element-3e7526e6 elementor-widget elementor-widget-text-editor\" data-id=\"3e7526e6\" data-element_type=\"widget\" data-widget_type=\"text-editor.default\">\n\t\t\t\t<div class=\"elementor-widget-container\">\n\t\t\t\t\t\t\t\t\t<p>Blocks selected by bed\/vein for visual consistency.<\/p>\t\t\t\t\t\t\t\t<\/div>\n\t\t\t\t<\/div>\n\t\t\t\t<\/div>\n\t\t<div class=\"elementor-element elementor-element-61310a95 e-con-full e-flex qodef-elementor-content-no e-con e-child\" data-id=\"61310a95\" data-element_type=\"container\" data-settings=\"{&quot;background_background&quot;:&quot;classic&quot;}\">\n\t\t\t\t<div class=\"elementor-element elementor-element-5f5c089f elementor-widget elementor-widget-image\" data-id=\"5f5c089f\" data-element_type=\"widget\" data-widget_type=\"image.default\">\n\t\t\t\t<div class=\"elementor-widget-container\">\n\t\t\t\t\t\t\t\t\t\t\t\t\t\t\t\t<a href=\"\/en\/filstone\/sustainability\/\">\n\t\t\t\t\t\t\t<img decoding=\"async\" width=\"650\" height=\"470\" src=\"https:\/\/filstone.com\/wp-content\/uploads\/2025\/09\/sustentabilidade-filstone-650x470.jpg\" class=\"attachment-emaurri_core_image_size_square size-emaurri_core_image_size_square wp-image-14630\" alt=\"\" \/>\t\t\t\t\t\t\t\t<\/a>\n\t\t\t\t\t\t\t\t\t\t\t\t\t\t\t<\/div>\n\t\t\t\t<\/div>\n\t\t\t\t<div class=\"elementor-element elementor-element-18a3ad06 elementor-widget elementor-widget-text-editor\" data-id=\"18a3ad06\" data-element_type=\"widget\" data-widget_type=\"text-editor.default\">\n\t\t\t\t<div class=\"elementor-widget-container\">\n\t\t\t\t\t\t\t\t\t<p>Impact<\/p>\t\t\t\t\t\t\t\t<\/div>\n\t\t\t\t<\/div>\n\t\t\t\t<div class=\"elementor-element elementor-element-f3d5319 elementor-widget elementor-widget-heading\" data-id=\"f3d5319\" data-element_type=\"widget\" data-widget_type=\"heading.default\">\n\t\t\t\t<div class=\"elementor-widget-container\">\n\t\t\t\t\t<p class=\"elementor-heading-title elementor-size-default\">Sustainability<\/p>\t\t\t\t<\/div>\n\t\t\t\t<\/div>\n\t\t\t\t<div class=\"elementor-element elementor-element-26fca747 elementor-widget elementor-widget-text-editor\" data-id=\"26fca747\" data-element_type=\"widget\" data-widget_type=\"text-editor.default\">\n\t\t\t\t<div class=\"elementor-widget-container\">\n\t\t\t\t\t\t\t\t\t<p>Sound environmental practices, reuse and safety.<\/p>\t\t\t\t\t\t\t\t<\/div>\n\t\t\t\t<\/div>\n\t\t\t\t<\/div>\n\t\t<div class=\"elementor-element elementor-element-5177636b e-con-full e-flex qodef-elementor-content-no e-con e-child\" data-id=\"5177636b\" data-element_type=\"container\" data-settings=\"{&quot;background_background&quot;:&quot;classic&quot;}\">\n\t\t\t\t<div class=\"elementor-element elementor-element-665b783b elementor-widget elementor-widget-image\" data-id=\"665b783b\" data-element_type=\"widget\" data-widget_type=\"image.default\">\n\t\t\t\t<div class=\"elementor-widget-container\">\n\t\t\t\t\t\t\t\t\t\t\t\t\t\t\t\t<a href=\"\/en\/filstone\/quality-and-certifications\/\">\n\t\t\t\t\t\t\t<img loading=\"lazy\" decoding=\"async\" width=\"650\" height=\"470\" src=\"https:\/\/filstone.com\/wp-content\/uploads\/2025\/09\/controlo-e-qualidade-650x470.jpg\" class=\"attachment-emaurri_core_image_size_square size-emaurri_core_image_size_square wp-image-14631\" alt=\"\" \/>\t\t\t\t\t\t\t\t<\/a>\n\t\t\t\t\t\t\t\t\t\t\t\t\t\t\t<\/div>\n\t\t\t\t<\/div>\n\t\t\t\t<div class=\"elementor-element elementor-element-6bf2f632 elementor-widget elementor-widget-text-editor\" data-id=\"6bf2f632\" data-element_type=\"widget\" data-widget_type=\"text-editor.default\">\n\t\t\t\t<div class=\"elementor-widget-container\">\n\t\t\t\t\t\t\t\t\t<p>Assurance<\/p>\t\t\t\t\t\t\t\t<\/div>\n\t\t\t\t<\/div>\n\t\t\t\t<div class=\"elementor-element elementor-element-6bfd5c19 elementor-widget elementor-widget-heading\" data-id=\"6bfd5c19\" data-element_type=\"widget\" data-widget_type=\"heading.default\">\n\t\t\t\t<div class=\"elementor-widget-container\">\n\t\t\t\t\t<p class=\"elementor-heading-title elementor-size-default\">Quality &amp; Certifications<\/p>\t\t\t\t<\/div>\n\t\t\t\t<\/div>\n\t\t\t\t<div class=\"elementor-element elementor-element-20871c0b elementor-widget elementor-widget-text-editor\" data-id=\"20871c0b\" data-element_type=\"widget\" data-widget_type=\"text-editor.default\">\n\t\t\t\t<div class=\"elementor-widget-container\">\n\t\t\t\t\t\t\t\t\t<p>Dimensional rigour, reliable deadlines and documentation.\u00a0<\/p>\t\t\t\t\t\t\t\t<\/div>\n\t\t\t\t<\/div>\n\t\t\t\t<\/div>\n\t\t<div class=\"elementor-element elementor-element-31b0cdd3 e-con-full e-flex qodef-elementor-content-no e-con e-child\" data-id=\"31b0cdd3\" data-element_type=\"container\" data-settings=\"{&quot;background_background&quot;:&quot;classic&quot;}\">\n\t\t\t\t<div class=\"elementor-element elementor-element-61c77337 elementor-widget elementor-widget-image\" data-id=\"61c77337\" data-element_type=\"widget\" data-widget_type=\"image.default\">\n\t\t\t\t<div class=\"elementor-widget-container\">\n\t\t\t\t\t\t\t\t\t\t\t\t\t\t\t\t<a href=\"\/en\/filstone\/casa-de-pedra\/\">\n\t\t\t\t\t\t\t<img loading=\"lazy\" decoding=\"async\" width=\"650\" height=\"470\" src=\"https:\/\/filstone.com\/wp-content\/uploads\/2025\/09\/casa-de-pedra-1-1-650x470.jpg\" class=\"attachment-emaurri_core_image_size_square size-emaurri_core_image_size_square wp-image-14632\" alt=\"\" \/>\t\t\t\t\t\t\t\t<\/a>\n\t\t\t\t\t\t\t\t\t\t\t\t\t\t\t<\/div>\n\t\t\t\t<\/div>\n\t\t\t\t<div class=\"elementor-element elementor-element-1893ddf9 elementor-widget elementor-widget-text-editor\" data-id=\"1893ddf9\" data-element_type=\"widget\" data-widget_type=\"text-editor.default\">\n\t\t\t\t<div class=\"elementor-widget-container\">\n\t\t\t\t\t\t\t\t\t<p>Showroom<\/p>\t\t\t\t\t\t\t\t<\/div>\n\t\t\t\t<\/div>\n\t\t\t\t<div class=\"elementor-element elementor-element-5424954 elementor-widget elementor-widget-heading\" data-id=\"5424954\" data-element_type=\"widget\" data-widget_type=\"heading.default\">\n\t\t\t\t<div class=\"elementor-widget-container\">\n\t\t\t\t\t<p class=\"elementor-heading-title elementor-size-default\">Casa de Pedra<\/p>\t\t\t\t<\/div>\n\t\t\t\t<\/div>\n\t\t\t\t<div class=\"elementor-element elementor-element-1d4166d0 elementor-widget elementor-widget-text-editor\" data-id=\"1d4166d0\" data-element_type=\"widget\" data-widget_type=\"text-editor.default\">\n\t\t\t\t<div class=\"elementor-widget-container\">\n\t\t\t\t\t\t\t\t\t<p>Materials, benefits, projects and technical support.<\/p>\t\t\t\t\t\t\t\t<\/div>\n\t\t\t\t<\/div>\n\t\t\t\t<\/div>\n\t\t<div class=\"elementor-element elementor-element-504ddb0c e-con-full e-flex qodef-elementor-content-no e-con e-child\" data-id=\"504ddb0c\" data-element_type=\"container\" data-settings=\"{&quot;background_background&quot;:&quot;classic&quot;}\">\n\t\t\t\t<div class=\"elementor-element elementor-element-31f27847 elementor-widget elementor-widget-image\" data-id=\"31f27847\" data-element_type=\"widget\" data-widget_type=\"image.default\">\n\t\t\t\t<div class=\"elementor-widget-container\">\n\t\t\t\t\t\t\t\t\t\t\t\t\t\t\t\t<a href=\"\/en\/products\/\">\n\t\t\t\t\t\t\t<img loading=\"lazy\" decoding=\"async\" width=\"650\" height=\"470\" src=\"https:\/\/filstone.com\/wp-content\/uploads\/2025\/09\/produtos-1-650x470.jpg\" class=\"attachment-emaurri_core_image_size_square size-emaurri_core_image_size_square wp-image-14633\" alt=\"\" \/>\t\t\t\t\t\t\t\t<\/a>\n\t\t\t\t\t\t\t\t\t\t\t\t\t\t\t<\/div>\n\t\t\t\t<\/div>\n\t\t\t\t<div class=\"elementor-element elementor-element-7d8baf3d elementor-widget elementor-widget-text-editor\" data-id=\"7d8baf3d\" data-element_type=\"widget\" data-widget_type=\"text-editor.default\">\n\t\t\t\t<div class=\"elementor-widget-container\">\n\t\t\t\t\t\t\t\t\t<p>Catalogue<\/p>\t\t\t\t\t\t\t\t<\/div>\n\t\t\t\t<\/div>\n\t\t\t\t<div class=\"elementor-element elementor-element-7593cff0 elementor-widget elementor-widget-heading\" data-id=\"7593cff0\" data-element_type=\"widget\" data-widget_type=\"heading.default\">\n\t\t\t\t<div class=\"elementor-widget-container\">\n\t\t\t\t\t<p class=\"elementor-heading-title elementor-size-default\">Products<\/p>\t\t\t\t<\/div>\n\t\t\t\t<\/div>\n\t\t\t\t<div class=\"elementor-element elementor-element-143baae4 elementor-widget elementor-widget-text-editor\" data-id=\"143baae4\" data-element_type=\"widget\" data-widget_type=\"text-editor.default\">\n\t\t\t\t<div class=\"elementor-widget-container\">\n\t\t\t\t\t\t\t\t\t<p>See available products and specifications.<\/p>\t\t\t\t\t\t\t\t<\/div>\n\t\t\t\t<\/div>\n\t\t\t\t<\/div>\n\t\t\t\t<\/div>\n\t\t<div class=\"elementor-element elementor-element-2817d1b0 e-con-full e-flex qodef-elementor-content-no e-con e-parent\" data-id=\"2817d1b0\" data-element_type=\"container\">\n\t\t<div class=\"elementor-element elementor-element-69ea3d1c e-con-full e-flex qodef-elementor-content-no e-con e-child\" data-id=\"69ea3d1c\" data-element_type=\"container\">\n\t\t\t\t<div class=\"elementor-element elementor-element-7735b307 elementor-widget__width-initial elementor-widget-mobile__width-inherit elementor-widget elementor-widget-emaurri_core_section_title\" data-id=\"7735b307\" data-element_type=\"widget\" data-widget_type=\"emaurri_core_section_title.default\">\n\t\t\t\t<div class=\"elementor-widget-container\">\n\t\t\t\t\t<div class=\"qodef-shortcode qodef-m qodef-section-title qodef-alignment--left qodef-title-break--disabled\">\n\t\t\t<h3 class=\"qodef-m-title\" style=\"color: #034638\">\n\t\t\t\t\tWhy work with us?\t\t\t<\/h3>\n\t\t<p class=\"qodef-m-text\" style=\"margin-top: 14px\">We have the capacity and the commitment to supply quality natural stone for every type of project.<\/p>\n<\/div>\n\t\t\t\t<\/div>\n\t\t\t\t<\/div>\n\t\t<div class=\"elementor-element elementor-element-18983a08 e-con-full elementor-hidden-mobile e-flex qodef-elementor-content-no e-con e-child\" data-id=\"18983a08\" data-element_type=\"container\">\n\t\t<div class=\"elementor-element elementor-element-60b3b152 e-grid e-con-full qodef-elementor-content-no e-con e-child\" data-id=\"60b3b152\" data-element_type=\"container\">\n\t\t\t\t<div class=\"elementor-element elementor-element-35a2bba0 elementor-widget-mobile__width-inherit elementor-widget elementor-widget-text-editor\" data-id=\"35a2bba0\" data-element_type=\"widget\" data-widget_type=\"text-editor.default\">\n\t\t\t\t<div class=\"elementor-widget-container\">\n\t\t\t\t\t\t\t\t\t<h6>Control &amp; Consistency<\/h6><p style=\"margin-top: 16px;\">Standardised supply to precise specifications for architectural and industrial requirements.<\/p>\t\t\t\t\t\t\t\t<\/div>\n\t\t\t\t<\/div>\n\t\t\t\t<div class=\"elementor-element elementor-element-6e48d78 elementor-widget-mobile__width-inherit elementor-widget elementor-widget-text-editor\" data-id=\"6e48d78\" data-element_type=\"widget\" data-widget_type=\"text-editor.default\">\n\t\t\t\t<div class=\"elementor-widget-container\">\n\t\t\t\t\t\t\t\t\t<h6>Capacity &amp; Reliability<\/h6>\n<p style=\"margin-top: 16px;\">High production and efficient logistics to guarantee deadlines and large volumes in any market.<\/p>\t\t\t\t\t\t\t\t<\/div>\n\t\t\t\t<\/div>\n\t\t\t\t<div class=\"elementor-element elementor-element-4ce474a3 elementor-widget-mobile__width-inherit elementor-widget elementor-widget-text-editor\" data-id=\"4ce474a3\" data-element_type=\"widget\" data-widget_type=\"text-editor.default\">\n\t\t\t\t<div class=\"elementor-widget-container\">\n\t\t\t\t\t\t\t\t\t<h6>Technical Solutions &amp; Expertise<\/h6>\n<p style=\"margin-top: 16px;\">Technical support aligned to project requirements in processing and architectural applications with tight tolerances.<\/p>\t\t\t\t\t\t\t\t<\/div>\n\t\t\t\t<\/div>\n\t\t\t\t<div class=\"elementor-element elementor-element-45d7081a elementor-widget-mobile__width-inherit elementor-widget elementor-widget-text-editor\" data-id=\"45d7081a\" data-element_type=\"widget\" data-widget_type=\"text-editor.default\">\n\t\t\t\t<div class=\"elementor-widget-container\">\n\t\t\t\t\t\t\t\t\t<h6>Global Reach &amp; Responsible Commitment<\/h6>\n<p style=\"margin-top: 16px;\">Presence in over 30 markets, with industrial practices aligned to international demands and local regulations.<\/p>\t\t\t\t\t\t\t\t<\/div>\n\t\t\t\t<\/div>\n\t\t\t\t<\/div>\n\t\t\t\t<\/div>\n\t\t\t\t<\/div>\n\t\t\t\t<\/div>\n\t\t<div class=\"elementor-element elementor-element-354275cd e-con-full e-flex qodef-elementor-content-no e-con e-parent\" data-id=\"354275cd\" data-element_type=\"container\" data-settings=\"{&quot;background_background&quot;:&quot;classic&quot;}\">\n\t\t<div class=\"elementor-element elementor-element-f7ff5c5 e-con-full e-flex qodef-elementor-content-no e-con e-child\" data-id=\"f7ff5c5\" data-element_type=\"container\" data-settings=\"{&quot;background_background&quot;:&quot;classic&quot;}\">\n\t\t<div class=\"elementor-element elementor-element-1093ab0 e-con-full e-flex qodef-elementor-content-no e-con e-child\" data-id=\"1093ab0\" data-element_type=\"container\" data-settings=\"{&quot;background_background&quot;:&quot;classic&quot;}\">\n\t\t<div class=\"elementor-element elementor-element-86f2af5 e-con-full e-flex qodef-elementor-content-no e-con e-child\" data-id=\"86f2af5\" data-element_type=\"container\">\n\t\t\t\t<div class=\"elementor-element elementor-element-13e5d2c elementor-widget elementor-widget-heading\" data-id=\"13e5d2c\" data-element_type=\"widget\" data-widget_type=\"heading.default\">\n\t\t\t\t<div class=\"elementor-widget-container\">\n\t\t\t\t\t<h3 class=\"elementor-heading-title elementor-size-default\">Contact us<\/h3>\t\t\t\t<\/div>\n\t\t\t\t<\/div>\n\t\t\t\t<div class=\"elementor-element elementor-element-f1b102b elementor-widget elementor-widget-text-editor\" data-id=\"f1b102b\" data-element_type=\"widget\" data-widget_type=\"text-editor.default\">\n\t\t\t\t<div class=\"elementor-widget-container\">\n\t\t\t\t\t\t\t\t\t<p>For more information about our stones.<\/p>\t\t\t\t\t\t\t\t<\/div>\n\t\t\t\t<\/div>\n\t\t\t\t<\/div>\n\t\t<div class=\"elementor-element elementor-element-5a7e6cd e-con-full e-flex qodef-elementor-content-no e-con e-child\" data-id=\"5a7e6cd\" data-element_type=\"container\">\n\t\t\t\t<div class=\"elementor-element elementor-element-cd40dbc elementor-align-center elementor-widget elementor-widget-button\" data-id=\"cd40dbc\" data-element_type=\"widget\" data-widget_type=\"button.default\">\n\t\t\t\t<div class=\"elementor-widget-container\">\n\t\t\t\t\t\t\t\t\t<div class=\"elementor-button-wrapper\">\n\t\t\t\t\t<a class=\"elementor-button elementor-button-link elementor-size-sm\" href=\"\/en\/contacts\/\">\n\t\t\t\t\t\t<span class=\"elementor-button-content-wrapper\">\n\t\t\t\t\t\t\t\t\t<span class=\"elementor-button-text\">CONTACTOS<\/span>\n\t\t\t\t\t<\/span>\n\t\t\t\t\t<\/a>\n\t\t\t\t<\/div>\n\t\t\t\t\t\t\t\t<\/div>\n\t\t\t\t<\/div>\n\t\t\t\t<\/div>\n\t\t\t\t<\/div>\n\t\t\t\t<\/div>\n\t\t\t\t<\/div>\n\t\t\t\t<\/div>","protected":false},"excerpt":{"rendered":"<p>Pedra Natural para Constru\u00e7\u00e3o e Arquitetura Extra\u00e7\u00e3o e fornecimento de pedra natural com capacidade industrial, prazos fi\u00e1veis e rastreabilidade total \u2014 do bloco \u00e0 obra. Quem somos Sobre n\u00f3s Hist\u00f3ria e vis\u00e3o industrial orientada a projetos B2B. Origem Pedreiras Blocos selecionados por frente\/veios para consist\u00eancia visual. Impacto Sustentabilidade Boas pr\u00e1ticas ambientais, reaproveitamento e seguran\u00e7a. Garantias [&hellip;]<\/p>","protected":false},"author":1,"featured_media":17387,"parent":0,"menu_order":0,"comment_status":"closed","ping_status":"closed","template":"","meta":{"_acf_changed":false,"footnotes":""},"class_list":["post-11113","page","type-page","status-publish","has-post-thumbnail","hentry"],"acf":[],"_links":{"self":[{"href":"https:\/\/filstone.com\/en\/wp-json\/wp\/v2\/pages\/11113","targetHints":{"allow":["GET"]}}],"collection":[{"href":"https:\/\/filstone.com\/en\/wp-json\/wp\/v2\/pages"}],"about":[{"href":"https:\/\/filstone.com\/en\/wp-json\/wp\/v2\/types\/page"}],"author":[{"embeddable":true,"href":"https:\/\/filstone.com\/en\/wp-json\/wp\/v2\/users\/1"}],"replies":[{"embeddable":true,"href":"https:\/\/filstone.com\/en\/wp-json\/wp\/v2\/comments?post=11113"}],"version-history":[{"count":69,"href":"https:\/\/filstone.com\/en\/wp-json\/wp\/v2\/pages\/11113\/revisions"}],"predecessor-version":[{"id":17785,"href":"https:\/\/filstone.com\/en\/wp-json\/wp\/v2\/pages\/11113\/revisions\/17785"}],"wp:featuredmedia":[{"embeddable":true,"href":"https:\/\/filstone.com\/en\/wp-json\/wp\/v2\/media\/17387"}],"wp:attachment":[{"href":"https:\/\/filstone.com\/en\/wp-json\/wp\/v2\/media?parent=11113"}],"curies":[{"name":"wp","href":"https:\/\/api.w.org\/{rel}","templated":true}]}}